{"id":1310,"date":"2024-02-21T13:10:09","date_gmt":"2024-02-21T13:10:09","guid":{"rendered":"https:\/\/diag-holding.com\/career\/"},"modified":"2024-05-20T13:57:15","modified_gmt":"2024-05-20T13:57:15","slug":"career","status":"publish","type":"page","link":"https:\/\/diag-holding.com\/en\/career\/","title":{"rendered":"Career"},"content":{"rendered":"<p>[et_pb_section fb_built=&#8221;1&#8243; fullwidth=&#8221;on&#8221; admin_label=&#8221;Header&#8221; _builder_version=&#8221;4.24.1&#8243; _module_preset=&#8221;default&#8221; background_color=&#8221;#5A1D39&#8243; background_enable_image=&#8221;off&#8221; global_colors_info=&#8221;{}&#8221;][et_pb_fullwidth_header background_overlay_color=&#8221;rgba(17,17,17,0.38)&#8221; _builder_version=&#8221;4.24.1&#8243; _module_preset=&#8221;default&#8221; title_line_height=&#8221;1.4em&#8221; background_color=&#8221;gcid-60690d16-5afa-4362-b536-f0c540342ae9&#8243; background_color_gradient_overlays_image=&#8221;off&#8221; background_image=&#8221;https:\/\/diag-holding.com\/wp-content\/uploads\/2024\/02\/FO_DIAG-Weltkarte.webp&#8221; min_height_last_edited=&#8221;off|phone&#8221; title_font_size_tablet=&#8221;4em&#8221; title_font_size_phone=&#8221;2em&#8221; title_font_size_last_edited=&#8221;on|desktop&#8221; global_colors_info=&#8221;{%22gcid-60690d16-5afa-4362-b536-f0c540342ae9%22:%91%22background_color%22%93}&#8221;][\/et_pb_fullwidth_header][\/et_pb_section][et_pb_section fb_built=&#8221;1&#8243; admin_label=&#8221;Teaser&#8221; _builder_version=&#8221;4.24.1&#8243; _module_preset=&#8221;default&#8221; background_color=&#8221;gcid-60690d16-5afa-4362-b536-f0c540342ae9&#8243; background_enable_image=&#8221;off&#8221; background_size=&#8221;initial&#8221; background_position=&#8221;bottom_center&#8221; background_vertical_offset=&#8221;0%&#8221; background_blend=&#8221;soft-light&#8221; global_colors_info=&#8221;{%22gcid-60690d16-5afa-4362-b536-f0c540342ae9%22:%91%22background_color%22,%22background_color_gradient_stops%22%93,%22gcid-2b9275c1-a620-4147-a042-695371bdada7%22:%91%22background_color_gradient_stops%22%93}&#8221;][et_pb_row column_structure=&#8221;1_2,1_2&#8243; _builder_version=&#8221;4.24.1&#8243; _module_preset=&#8221;default&#8221; custom_padding=&#8221;0px||0px||true|false&#8221; global_colors_info=&#8221;{}&#8221;][et_pb_column type=&#8221;1_2&#8243; _builder_version=&#8221;4.24.1&#8243; _module_preset=&#8221;default&#8221; global_colors_info=&#8221;{}&#8221;][et_pb_text _builder_version=&#8221;4.24.1&#8243; _module_preset=&#8221;default&#8221; text_text_color=&#8221;gcid-1307a1df-fc90-4f9e-b04b-13ef0da7121a&#8221; header_text_color=&#8221;gcid-1307a1df-fc90-4f9e-b04b-13ef0da7121a&#8221; header_font_size=&#8221;49px&#8221; header_2_text_color=&#8221;gcid-1307a1df-fc90-4f9e-b04b-13ef0da7121a&#8221; header_3_text_color=&#8221;gcid-1307a1df-fc90-4f9e-b04b-13ef0da7121a&#8221; global_colors_info=&#8221;{%22gcid-1307a1df-fc90-4f9e-b04b-13ef0da7121a%22:%91%22header_3_text_color%22,%22header_2_text_color%22,%22text_text_color%22,%22header_text_color%22%93}&#8221;]<\/p>\n<div>\n<h1><span lang=\"X-NONE\">Career<\/span><\/h1>\n<\/div>\n<p>[\/et_pb_text][\/et_pb_column][et_pb_column type=&#8221;1_2&#8243; _builder_version=&#8221;4.24.1&#8243; _module_preset=&#8221;default&#8221; global_colors_info=&#8221;{}&#8221;][et_pb_button button_url=&#8221;#gruppe&#8221; button_text=&#8221;Your areas of application&#8221; button_alignment=&#8221;center&#8221; _builder_version=&#8221;4.24.1&#8243; _module_preset=&#8221;default&#8221; custom_css_main_element=&#8221;width:100%;&#8221; global_colors_info=&#8221;{}&#8221;][\/et_pb_button][et_pb_button button_url=&#8221;#benefits&#8221; button_text=&#8221;Your benefits&#8221; button_alignment=&#8221;center&#8221; admin_label=&#8221;Button&#8221; _builder_version=&#8221;4.24.1&#8243; _module_preset=&#8221;default&#8221; custom_css_main_element=&#8221;width:100%;&#8221; global_colors_info=&#8221;{}&#8221;][\/et_pb_button][et_pb_button button_url=&#8221;#kultur&#8221; button_text=&#8221;Our corporate culture&#8221; button_alignment=&#8221;center&#8221; admin_label=&#8221;Button&#8221; _builder_version=&#8221;4.24.1&#8243; _module_preset=&#8221;default&#8221; custom_css_main_element=&#8221;width:100%;&#8221; global_colors_info=&#8221;{}&#8221;][\/et_pb_button][\/et_pb_column][\/et_pb_row][\/et_pb_section][et_pb_section fb_built=&#8221;1&#8243; admin_label=&#8221;DIAG Gruppe&#8221; module_id=&#8221;gruppe&#8221; _builder_version=&#8221;4.24.1&#8243; _module_preset=&#8221;default&#8221; background_color=&#8221;gcid-e8503740-8188-4ebb-b2a4-8d565fbab27f&#8221; use_background_color_gradient=&#8221;off&#8221; background_enable_image=&#8221;off&#8221; background_size=&#8221;contain&#8221; background_position=&#8221;bottom_center&#8221; background_vertical_offset=&#8221;0%&#8221; background_blend=&#8221;soft-light&#8221; collapsed=&#8221;off&#8221; global_colors_info=&#8221;{%22gcid-60690d16-5afa-4362-b536-f0c540342ae9%22:%91%22background_color_gradient_stops%22%93,%22gcid-2b9275c1-a620-4147-a042-695371bdada7%22:%91%22background_color_gradient_stops%22%93,%22gcid-e8503740-8188-4ebb-b2a4-8d565fbab27f%22:%91%22background_color%22%93}&#8221;][et_pb_row column_structure=&#8221;1_2,1_2&#8243; use_custom_gutter=&#8221;on&#8221; make_equal=&#8221;on&#8221; _builder_version=&#8221;4.24.0&#8243; _module_preset=&#8221;default&#8221; global_colors_info=&#8221;{}&#8221;][et_pb_column type=&#8221;1_2&#8243; _builder_version=&#8221;4.24.0&#8243; _module_preset=&#8221;default&#8221; global_colors_info=&#8221;{}&#8221;][et_pb_text _builder_version=&#8221;4.24.1&#8243; _module_preset=&#8221;default&#8221; text_text_color=&#8221;gcid-cf6addf3-ba66-4265-8ccc-7d0fc0d7edb2&#8243; header_2_font=&#8221;|600|||||||&#8221; header_2_text_color=&#8221;gcid-60690d16-5afa-4362-b536-f0c540342ae9&#8243; hover_enabled=&#8221;0&#8243; global_colors_info=&#8221;{%22gcid-cf6addf3-ba66-4265-8ccc-7d0fc0d7edb2%22:%91%22text_text_color%22%93,%22gcid-60690d16-5afa-4362-b536-f0c540342ae9%22:%91%22header_2_text_color%22%93}&#8221; sticky_enabled=&#8221;0&#8243;]<\/p>\n<div>\n<h2><strong>The DIAG Group<\/span><\/strong><\/h2>\n<\/div>\n<p style=\"font-weight: 400;\">DIAG itself and through its subsidiaries is a future-oriented industrial service provider in an international working environment, exploring development opportunities in selected markets, organizing partnerships and cooperations for new business models and project business all over the world. Its particular expertise lies in the areas of oil &amp; gas, renewable energies, mining and infrastructure. In recent years, DIAG has expanded its portfolio in the fields of aviation, pharmaceuticals and medical technology and is also exploring business approaches relating to hydrogen technologies.<\/p>\n<p style=\"font-weight: 400;\">On this basis, we have an excellent platform, agile structures, an overview of the latest technologies and will make strategic investments in companies in order to continuously expand our portfolio.<\/p>\n<p style=\"font-weight: 400;\">With DIAG as your employer, you will benefit from a modern working environment combined with years of experience in building and developing business models and a focus on project development and execution. Successful references and specialist know-how make us and you absolute experts.<\/p>\n<p>[\/et_pb_text][\/et_pb_column][et_pb_column type=&#8221;1_2&#8243; _builder_version=&#8221;4.24.1&#8243; _module_preset=&#8221;default&#8221; background_color=&#8221;gcid-60690d16-5afa-4362-b536-f0c540342ae9&#8243; border_radii=&#8221;off|||30px|30px&#8221; border_width_top=&#8221;4px&#8221; border_color_top=&#8221;gcid-2b9275c1-a620-4147-a042-695371bdada7&#8243; box_shadow_style=&#8221;preset2&#8243; box_shadow_color=&#8221;gcid-2b9275c1-a620-4147-a042-695371bdada7&#8243; global_colors_info=&#8221;{%22gcid-1307a1df-fc90-4f9e-b04b-13ef0da7121a%22:%91%22background_color_gradient_stops%22%93,%22gcid-2b9275c1-a620-4147-a042-695371bdada7%22:%91%22box_shadow_color%22,%22border_color_top%22%93,%22gcid-60690d16-5afa-4362-b536-f0c540342ae9%22:%91%22background_color%22%93}&#8221;][et_pb_text _builder_version=&#8221;4.24.1&#8243; _module_preset=&#8221;default&#8221; text_text_color=&#8221;gcid-1307a1df-fc90-4f9e-b04b-13ef0da7121a&#8221; header_text_color=&#8221;gcid-60690d16-5afa-4362-b536-f0c540342ae9&#8243; header_2_text_color=&#8221;gcid-60690d16-5afa-4362-b536-f0c540342ae9&#8243; header_3_font=&#8221;|600|||||||&#8221; header_3_text_color=&#8221;gcid-1307a1df-fc90-4f9e-b04b-13ef0da7121a&#8221; custom_padding=&#8221;1.5vw|1.5vw|1vw|1.5vw|false|true&#8221; hover_enabled=&#8221;0&#8243; global_colors_info=&#8221;{%22gcid-60690d16-5afa-4362-b536-f0c540342ae9%22:%91%22header_text_color%22,%22header_2_text_color%22%93,%22gcid-1307a1df-fc90-4f9e-b04b-13ef0da7121a%22:%91%22text_text_color%22,%22header_3_text_color%22%93}&#8221; custom_padding_last_edited=&#8221;on|phone&#8221; custom_padding_tablet=&#8221;2vw|4.2vw|3vw|4.2vw|false|true&#8221; sticky_enabled=&#8221;0&#8243; custom_padding_phone=&#8221;2vw|4.2vw|3vw|4.2vw|false|true&#8221;]<\/p>\n<div>\n<h3 style=\"font-weight: 400;\">Your areas of application<\/span><\/h3>\n<\/div>\n<p style=\"font-weight: 400;\">We would like to develop into a central point of contact for national and international companies in the old economy and young companies. We will continue to draw on our experience in business and project development, project management and global purchasing in the international project business. It is no longer enough to build plants in emerging industrial sectors. The service, maintenance and revamp of industrial plants to increase efficiency, reduce energy consumption and emissions is becoming increasingly important.<br \/>\nDoes your heart also beat for sustainable technologies, clever service companies or economic trends?<\/strong><\/p>\n<p style=\"font-weight: 400;\">At DIAG you have the chance to prove yourself beyond our core business areas.<\/p>\n<p style=\"font-weight: 400;\"><strong>We are constantly on the lookout for <\/strong> entrepreneurial personalities who see the added value of investment transactions in order to continuously strengthen and develop DIAG through various business models. In this way, you can help existing companies to develop, build and scale their business models &#8211; partnership is a top priority at DIAG.<\/p>\n<p>[\/et_pb_text][\/et_pb_column][\/et_pb_row][\/et_pb_section][et_pb_section fb_built=&#8221;1&#8243; admin_label=&#8221;Teamskills&#8221; module_id=&#8221;benefits&#8221; _builder_version=&#8221;4.24.1&#8243; _module_preset=&#8221;default&#8221; background_color=&#8221;#29384f&#8221; background_enable_image=&#8221;off&#8221; background_size=&#8221;contain&#8221; background_position=&#8221;bottom_center&#8221; background_vertical_offset=&#8221;-100%&#8221; background_blend=&#8221;soft-light&#8221; global_colors_info=&#8221;{%22gcid-2b9275c1-a620-4147-a042-695371bdada7%22:%91%22background_color%22%93}&#8221;][et_pb_row column_structure=&#8221;1_2,1_2&#8243; _builder_version=&#8221;4.24.1&#8243; _module_preset=&#8221;default&#8221; global_colors_info=&#8221;{}&#8221;][et_pb_column type=&#8221;1_2&#8243; _builder_version=&#8221;4.24.1&#8243; _module_preset=&#8221;default&#8221; background_color=&#8221;#f5f5f5&#8243; use_background_color_gradient=&#8221;on&#8221; background_color_gradient_stops=&#8221;rgba(255,255,255,0) 31%|gcid-1307a1df-fc90-4f9e-b04b-13ef0da7121a 62%&#8221; custom_padding=&#8221;1vw||||false|false&#8221; border_radii=&#8221;off|||30px|30px&#8221; border_width_top=&#8221;4px&#8221; border_color_top=&#8221;gcid-2b9275c1-a620-4147-a042-695371bdada7&#8243; box_shadow_style=&#8221;preset2&#8243; box_shadow_color=&#8221;gcid-2b9275c1-a620-4147-a042-695371bdada7&#8243; global_colors_info=&#8221;{%22gcid-e8503740-8188-4ebb-b2a4-8d565fbab27f%22:%91%22background_color%22%93,%22gcid-1307a1df-fc90-4f9e-b04b-13ef0da7121a%22:%91%22background_color_gradient_stops%22%93,%22gcid-2b9275c1-a620-4147-a042-695371bdada7%22:%91%22box_shadow_color%22,%22border_color_top%22%93}&#8221;][et_pb_text _builder_version=&#8221;4.24.1&#8243; _module_preset=&#8221;default&#8221; text_text_color=&#8221;#111111&#8243; header_text_color=&#8221;gcid-60690d16-5afa-4362-b536-f0c540342ae9&#8243; header_2_text_color=&#8221;gcid-60690d16-5afa-4362-b536-f0c540342ae9&#8243; header_3_font=&#8221;|600|||||||&#8221; header_3_text_color=&#8221;#00628B&#8221; custom_padding=&#8221;2vw|4.2vw|3vw|4.2vw|false|true&#8221; hover_enabled=&#8221;0&#8243; global_colors_info=&#8221;{%22gcid-60690d16-5afa-4362-b536-f0c540342ae9%22:%91%22header_text_color%22,%22header_2_text_color%22%93}&#8221; sticky_enabled=&#8221;0&#8243;]<\/p>\n<h3>Benefits<\/h3>\n<ul>\n<li>An international working environment<\/li>\n<li>Knowledge transfer in your area of expertise<\/li>\n<li>Working with or in the country of origin<\/li>\n<li>Permanent employment contracts<\/li>\n<li>Compension for overtime<\/li>\n<li>Flextime and home office<\/li>\n<li>Education and traning programs<\/li>\n<li>Modern IT equipment for private use<\/li>\n<li>Attractive mobility offers<\/li>\n<li>30 days vacation<\/li>\n<li>Attractive work locations<\/li>\n<li>Our corporate culture<\/li>\n<\/ul>\n<p>[\/et_pb_text][\/et_pb_column][et_pb_column type=&#8221;1_2&#8243; _builder_version=&#8221;4.24.1&#8243; _module_preset=&#8221;default&#8221; global_colors_info=&#8221;{}&#8221;][et_pb_text _builder_version=&#8221;4.24.1&#8243; _module_preset=&#8221;default&#8221; text_text_color=&#8221;gcid-1307a1df-fc90-4f9e-b04b-13ef0da7121a&#8221; header_2_text_color=&#8221;gcid-1307a1df-fc90-4f9e-b04b-13ef0da7121a&#8221; global_colors_info=&#8221;{%22gcid-1307a1df-fc90-4f9e-b04b-13ef0da7121a%22:%91%22text_text_color%22,%22header_2_text_color%22%93}&#8221;]<\/p>\n<h2 style=\"font-weight: 400;\"><strong>A strong team<\/strong><\/h2>\n<p style=\"font-weight: 400;\">We are looking for employees who have an entrepreneurial mindset, who are experienced on the one hand and who wish to continuously develop their personal and professional strengths on the other.<\/p>\n<p style=\"font-weight: 400;\">Due to our many years of experience, DIAG sees itself as a partner to both customers and employees, which means that we strive to work with you to develop any missing knowledge and to grow as a team.<\/p>\n<p style=\"font-weight: 400;\"><span style=\"font-weight: 400;\">If you are interested in projects abroad, would like to develop yourself or gain experience with new business partners, or even if you come from abroad, want to gain a foothold in Germany and build up business with your home country, then you have come to the right place.<\/span><\/p>\n<p>[\/et_pb_text][\/et_pb_column][\/et_pb_row][\/et_pb_section][et_pb_section fb_built=&#8221;1&#8243; admin_label=&#8221;Unternhemenskultur&#8221; module_id=&#8221;kultur&#8221; _builder_version=&#8221;4.24.1&#8243; _module_preset=&#8221;default&#8221; background_color=&#8221;gcid-e8503740-8188-4ebb-b2a4-8d565fbab27f&#8221; use_background_color_gradient=&#8221;off&#8221; background_enable_image=&#8221;off&#8221; background_size=&#8221;contain&#8221; background_position=&#8221;bottom_center&#8221; background_vertical_offset=&#8221;0%&#8221; background_blend=&#8221;soft-light&#8221; collapsed=&#8221;off&#8221; global_colors_info=&#8221;{%22gcid-60690d16-5afa-4362-b536-f0c540342ae9%22:%91%22background_color_gradient_stops%22%93,%22gcid-2b9275c1-a620-4147-a042-695371bdada7%22:%91%22background_color_gradient_stops%22%93,%22gcid-e8503740-8188-4ebb-b2a4-8d565fbab27f%22:%91%22background_color%22%93}&#8221;][et_pb_row use_custom_gutter=&#8221;on&#8221; make_equal=&#8221;on&#8221; _builder_version=&#8221;4.24.0&#8243; _module_preset=&#8221;default&#8221; global_colors_info=&#8221;{}&#8221;][et_pb_column type=&#8221;4_4&#8243; _builder_version=&#8221;4.24.0&#8243; _module_preset=&#8221;default&#8221; global_colors_info=&#8221;{}&#8221;][et_pb_text _builder_version=&#8221;4.24.1&#8243; _module_preset=&#8221;default&#8221; text_text_color=&#8221;gcid-cf6addf3-ba66-4265-8ccc-7d0fc0d7edb2&#8243; header_2_font=&#8221;|600|||||||&#8221; header_2_text_color=&#8221;gcid-60690d16-5afa-4362-b536-f0c540342ae9&#8243; global_colors_info=&#8221;{%22gcid-cf6addf3-ba66-4265-8ccc-7d0fc0d7edb2%22:%91%22text_text_color%22%93,%22gcid-60690d16-5afa-4362-b536-f0c540342ae9%22:%91%22header_2_text_color%22%93}&#8221;]<\/p>\n<h2 style=\"font-weight: 400;\">Our corporate culture<\/h2>\n<p>[\/et_pb_text][\/et_pb_column][\/et_pb_row][et_pb_row column_structure=&#8221;1_3,1_3,1_3&#8243; _builder_version=&#8221;4.24.1&#8243; _module_preset=&#8221;default&#8221; custom_margin=&#8221;2em||2em||true|false&#8221; global_colors_info=&#8221;{}&#8221;][et_pb_column type=&#8221;1_3&#8243; _builder_version=&#8221;4.24.1&#8243; _module_preset=&#8221;default&#8221; global_colors_info=&#8221;{}&#8221;][et_pb_icon font_icon=&#8221;&#xf505;||fa||900&#8243; icon_color=&#8221;gcid-60690d16-5afa-4362-b536-f0c540342ae9&#8243; icon_width=&#8221;60px&#8221; _builder_version=&#8221;4.24.1&#8243; _module_preset=&#8221;default&#8221; global_colors_info=&#8221;{%22gcid-60690d16-5afa-4362-b536-f0c540342ae9%22:%91%22icon_color%22%93}&#8221;][\/et_pb_icon][et_pb_text _builder_version=&#8221;4.24.1&#8243; _module_preset=&#8221;default&#8221; text_orientation=&#8221;center&#8221; global_colors_info=&#8221;{}&#8221;]<\/p>\n<h3 style=\"font-weight: 400;\">Working independently<\/h3>\n<p style=\"font-weight: 400;\">Our employees contribute to the company&#8217;s success. We place great value on performance, maturity, independence and entrepreneurial thinking. Flat hierarchies enable us to make important decisions quickly and easily.<\/p>\n<p>[\/et_pb_text][\/et_pb_column][et_pb_column type=&#8221;1_3&#8243; _builder_version=&#8221;4.24.1&#8243; _module_preset=&#8221;default&#8221; global_colors_info=&#8221;{}&#8221;][et_pb_icon font_icon=&#8221;&#xe106;||divi||400&#8243; icon_color=&#8221;gcid-60690d16-5afa-4362-b536-f0c540342ae9&#8243; icon_width=&#8221;60px&#8221; _builder_version=&#8221;4.24.1&#8243; _module_preset=&#8221;default&#8221; global_colors_info=&#8221;{%22gcid-60690d16-5afa-4362-b536-f0c540342ae9%22:%91%22icon_color%22%93}&#8221;][\/et_pb_icon][et_pb_text _builder_version=&#8221;4.24.1&#8243; _module_preset=&#8221;default&#8221; text_orientation=&#8221;center&#8221; global_colors_info=&#8221;{}&#8221;]<\/p>\n<h3 style=\"font-weight: 400;\">Kontinuierliche Verbesserung<\/h3>\n<p style=\"font-weight: 400;\">DIAG ist daran interessiert, dass jede Person sein Know-How und seine Ideen einbringt, sodass wir unsere Prozesse und Abl\u00e4ufe effizient und qualitativ hochwertig gestalten k\u00f6nnen. Dazu geh\u00f6rt auch das Hinterfragen von bestehenden Prozessen und Strukturen. Wir sind offen gegen\u00fcber Vorschl\u00e4gen, Ideen, Feedback und Optimierungen.<\/p>\n<p>[\/et_pb_text][\/et_pb_column][et_pb_column type=&#8221;1_3&#8243; _builder_version=&#8221;4.24.1&#8243; _module_preset=&#8221;default&#8221; global_colors_info=&#8221;{}&#8221;][et_pb_icon font_icon=&#8221;&#xe0ff;||divi||400&#8243; icon_color=&#8221;gcid-60690d16-5afa-4362-b536-f0c540342ae9&#8243; icon_width=&#8221;60px&#8221; _builder_version=&#8221;4.24.1&#8243; _module_preset=&#8221;default&#8221; global_colors_info=&#8221;{%22gcid-60690d16-5afa-4362-b536-f0c540342ae9%22:%91%22icon_color%22%93}&#8221;][\/et_pb_icon][et_pb_text _builder_version=&#8221;4.24.1&#8243; _module_preset=&#8221;default&#8221; text_orientation=&#8221;center&#8221; global_colors_info=&#8221;{}&#8221;]<\/p>\n<h3 style=\"font-weight: 400;\">\u00a0Work-Life-Balance<\/h3>\n<p style=\"font-weight: 400;\">For us, the performance contribution of our employees is an essential component of the company&#8217;s success and therefore forms the basis of our partnerships.<\/p>\n<p style=\"font-weight: 400;\">It is particularly important to DIAG that not only high-quality services are provided, but also that sufficient rest is taken to ensure a good work-life balance.<\/p>\n<p>[\/et_pb_text][\/et_pb_column][\/et_pb_row][et_pb_row column_structure=&#8221;1_3,1_3,1_3&#8243; _builder_version=&#8221;4.24.1&#8243; _module_preset=&#8221;default&#8221; custom_margin=&#8221;2em||2em||true|false&#8221; global_colors_info=&#8221;{}&#8221;][et_pb_column type=&#8221;1_3&#8243; _builder_version=&#8221;4.24.1&#8243; _module_preset=&#8221;default&#8221; global_colors_info=&#8221;{}&#8221;][et_pb_icon font_icon=&#8221;&#xf0c0;||fa||900&#8243; icon_color=&#8221;gcid-60690d16-5afa-4362-b536-f0c540342ae9&#8243; icon_width=&#8221;60px&#8221; _builder_version=&#8221;4.24.1&#8243; _module_preset=&#8221;default&#8221; global_colors_info=&#8221;{%22gcid-60690d16-5afa-4362-b536-f0c540342ae9%22:%91%22icon_color%22%93}&#8221;][\/et_pb_icon][et_pb_text _builder_version=&#8221;4.24.1&#8243; _module_preset=&#8221;default&#8221; text_orientation=&#8221;center&#8221; global_colors_info=&#8221;{}&#8221;]<\/p>\n<h3 style=\"font-weight: 400;\">Joint activities<\/h3>\n<p style=\"font-weight: 400;\">We enjoy spending time together in a relaxed atmosphere.<\/p>\n<p style=\"font-weight: 400;\">During joint activities or team-building events, we strive to emphasize the joy of working together.<\/p>\n<p>[\/et_pb_text][\/et_pb_column][et_pb_column type=&#8221;1_3&#8243; _builder_version=&#8221;4.24.1&#8243; _module_preset=&#8221;default&#8221; global_colors_info=&#8221;{}&#8221;][et_pb_icon font_icon=&#8221;&#xf471;||fa||900&#8243; icon_color=&#8221;gcid-60690d16-5afa-4362-b536-f0c540342ae9&#8243; icon_width=&#8221;60px&#8221; _builder_version=&#8221;4.24.1&#8243; _module_preset=&#8221;default&#8221; global_colors_info=&#8221;{%22gcid-60690d16-5afa-4362-b536-f0c540342ae9%22:%91%22icon_color%22%93}&#8221;][\/et_pb_icon][et_pb_text _builder_version=&#8221;4.24.1&#8243; _module_preset=&#8221;default&#8221; text_orientation=&#8221;center&#8221; global_colors_info=&#8221;{}&#8221;]<\/p>\n<h3 style=\"font-weight: 400;\">Personal development<\/h3>\n<p style=\"font-weight: 400;\">DIAG is interested in developing its own employees into TOP trained specialists. Through various collaborations with universities of applied sciences or online learning platforms, we want to support our employees in their further training and offer individual support in this regard.<\/p>\n<p>[\/et_pb_text][\/et_pb_column][et_pb_column type=&#8221;1_3&#8243; _builder_version=&#8221;4.24.1&#8243; _module_preset=&#8221;default&#8221; background_color=&#8221;gcid-60690d16-5afa-4362-b536-f0c540342ae9&#8243; custom_padding=&#8221;1vw|1vw|1vw|1vw|true|true&#8221; hover_enabled=&#8221;0&#8243; border_radii=&#8221;on|5px|5px|5px|5px&#8221; global_colors_info=&#8221;{%22gcid-60690d16-5afa-4362-b536-f0c540342ae9%22:%91%22background_color%22%93}&#8221; custom_padding_last_edited=&#8221;on|tablet&#8221; custom_padding_tablet=&#8221;3vw|3vw|3vw|3vw|true|true&#8221; sticky_enabled=&#8221;0&#8243; custom_padding_phone=&#8221;3vw|3vw|3vw|3vw|true|true&#8221;][et_pb_text _builder_version=&#8221;4.24.1&#8243; _module_preset=&#8221;default&#8221; text_text_color=&#8221;gcid-1307a1df-fc90-4f9e-b04b-13ef0da7121a&#8221; header_3_text_color=&#8221;gcid-1307a1df-fc90-4f9e-b04b-13ef0da7121a&#8221; text_orientation=&#8221;center&#8221; custom_padding=&#8221;||||true|true&#8221; global_colors_info=&#8221;{%22gcid-1307a1df-fc90-4f9e-b04b-13ef0da7121a%22:%91%22header_3_text_color%22,%22text_text_color%22%93}&#8221;]<\/p>\n<h3><strong>Unsolicited application<\/strong><\/h3>\n<p><strong>We are always on the lookout for new talent.<\/strong><\/p>\n<p>Simply send us your speculative application and CV and we will get back to you as soon as possible.<\/p>\n<p>Please send inquiries by e-mail to Martin Wiechers:<\/p>\n<p>[\/et_pb_text][et_pb_button button_url=&#8221;mailto:karriere@diag-holding.com&#8221; button_text=&#8221;Apply via e-mail&#8221; button_alignment=&#8221;center&#8221; _builder_version=&#8221;4.24.1&#8243; _module_preset=&#8221;default&#8221; global_colors_info=&#8221;{}&#8221;][\/et_pb_button][\/et_pb_column][\/et_pb_row][\/et_pb_section]<\/p>\n","protected":false},"excerpt":{"rendered":"<p>Career The DIAG Group DIAG itself and through its subsidiaries is a future-oriented industrial service provider in an international working environment, exploring development opportunities in selected markets, organizing partnerships and cooperations for new business models and project business all over the world. Its particular expertise lies in the areas of oil &amp; gas, renewable energies, [&hellip;]<\/p>\n","protected":false},"author":1,"featured_media":0,"parent":0,"menu_order":0,"comment_status":"closed","ping_status":"closed","template":"","meta":{"_et_pb_use_builder":"on","_et_pb_old_content":"","_et_gb_content_width":"","inline_featured_image":false,"footnotes":""},"_links":{"self":[{"href":"https:\/\/diag-holding.com\/en\/wp-json\/wp\/v2\/pages\/1310"}],"collection":[{"href":"https:\/\/diag-holding.com\/en\/wp-json\/wp\/v2\/pages"}],"about":[{"href":"https:\/\/diag-holding.com\/en\/wp-json\/wp\/v2\/types\/page"}],"author":[{"embeddable":true,"href":"https:\/\/diag-holding.com\/en\/wp-json\/wp\/v2\/users\/1"}],"replies":[{"embeddable":true,"href":"https:\/\/diag-holding.com\/en\/wp-json\/wp\/v2\/comments?post=1310"}],"version-history":[{"count":5,"href":"https:\/\/diag-holding.com\/en\/wp-json\/wp\/v2\/pages\/1310\/revisions"}],"predecessor-version":[{"id":1315,"href":"https:\/\/diag-holding.com\/en\/wp-json\/wp\/v2\/pages\/1310\/revisions\/1315"}],"wp:attachment":[{"href":"https:\/\/diag-holding.com\/en\/wp-json\/wp\/v2\/media?parent=1310"}],"curies":[{"name":"wp","href":"https:\/\/api.w.org\/{rel}","templated":true}]}}